{"id":298,"date":"2021-02-22T09:44:37","date_gmt":"2021-02-22T08:44:37","guid":{"rendered":"http:\/\/localhost\/leggendario\/anbima\/?page_id=298"},"modified":"2025-07-10T00:20:30","modified_gmt":"2025-07-09T22:20:30","slug":"rules","status":"publish","type":"page","link":"https:\/\/www.concorsoclarinettocarlino.org\/en\/index.php\/rules\/","title":{"rendered":"RULES"},"content":{"rendered":"\n<p><strong>1.<\/strong>The contest is open to musicians of both sexes and of all nationalities. Its aims are improving the knowledge of clarinet, promoting and giving an opportunity to young instrumentalists and, at the same time, enhance the artistic and cultural heritage of the places hosting the competition.<\/p>\n\n\n\n<p><strong>2. <\/strong>The contest will take place in Carlino from the 23<sup>rd<\/sup> to the 26<sup>th<\/sup> October 2025. The auditions will be held at the Auditorium of the parish church of SS. Tommaso and Protasio in Carlino. The rehearsals with the pianists collaborating to the contest will be at the Civic Centre in Carlino in Via Marano 1.<\/p>\n\n\n\n<p><strong>3. <\/strong>The categories and the tests in which the contest is organized are the following:<\/p>\n\n\n\n<p><strong>CATEGORY:<\/strong><\/p>\n\n\n\n<p><strong><em>Clarinet Soloist \u201cJunior A&#8221;:\u00a0 <\/em><\/strong>born after 1\/1\/2009<br><em>Programme: <\/em>Single Test<br>The applicant will have to perform a freely chosen programme lasting no longer than 13 minutes.<br>Admitted only original pieces. The programme will have to be stated in the application form.<\/p>\n\n\n\n<p><strong><em>Clarinet Soloist \u201cJunior B&#8221;: <\/em><\/strong>born after 1\/1\/2005<br><em>Programme: <\/em>Selection \u2013 Final<\/p>\n\n\n\n<p><strong>Selection phase:<\/strong> play following piece<br>&#8211; C. M. von Weber,  Concertino op. 26 for Clarinet and Orchestra<\/p>\n\n\n\n<p><strong>Final phase:<\/strong><br>The applicant will have to perform a freely chosen programme lasting no longer than 15 minutes. Admitted only original pieces. The programme will have to be stated in the application form.<\/p>\n\n\n\n<p><strong><em>Clarinet Soloist &#8220;Senior&#8221;:\u00a0<\/em><\/strong>born after 1\/1\/1995<br><em>Programme<\/em>: Selection &#8211; Semifinal &#8211; Final<\/p>\n\n\n\n<p><strong>Selection phase:<\/strong> play following piece<br> &#8211; C. M. von Weber&nbsp;&nbsp;&nbsp;&nbsp;&nbsp;&nbsp;&nbsp;&nbsp;&nbsp;&nbsp;&nbsp;&nbsp;&nbsp; Concerto n.1 op.73 in f minor for Clarinet and Orchestra (only 1st movement)<\/p>\n\n\n\n<p><strong>Semifinal phase:<\/strong><br><strong>a <\/strong>&#8211; Performance of one among the following pieces at choice:<br>&#8211; C. M. von Weber&nbsp;&nbsp;&nbsp;&nbsp;&nbsp;&nbsp;&nbsp;&nbsp;&nbsp;&nbsp;&nbsp;&nbsp;&nbsp;&nbsp; Concerto n\u00b02 op. 74 in Mib Maggiore per Clarinetto ed Orchestra (only 1st movement)<br>&#8211; L. Spohr&nbsp;&nbsp;&nbsp;&nbsp;&nbsp;&nbsp;&nbsp;&nbsp;&nbsp;&nbsp;&nbsp;&nbsp;&nbsp;&nbsp;&nbsp;&nbsp;&nbsp;&nbsp;&nbsp;&nbsp;&nbsp;&nbsp;&nbsp;&nbsp;&nbsp;&nbsp;&nbsp;&nbsp; Concerto n\u00b02 op. 57 in Mib Maggiore per Clarinetto ed Orchestra (only 1st movement)<br>&#8211; A. Copland &nbsp;&nbsp;&nbsp;&nbsp;&nbsp;&nbsp;&nbsp;&nbsp;&nbsp;&nbsp;&nbsp;&nbsp;&nbsp;&nbsp; Concerto per clarinetto e orchestra, up to the cadence ( n. 120)<br>&#8211; C. Nielsen &nbsp;&nbsp;&nbsp;&nbsp;&nbsp;&nbsp;&nbsp;&nbsp;&nbsp;&nbsp;&nbsp;&nbsp;&nbsp;&nbsp;&nbsp; Concerto op. 57 per clarinetto e orchestra, up to the cadence (n. 11 )<\/p>\n\n\n\n<p><strong>b <\/strong>\u2013 Performance of following piece:<br>&#8211;&nbsp;&nbsp;C. Debussy&nbsp;&nbsp;&nbsp;&nbsp;&nbsp;&nbsp;&nbsp;&nbsp;&nbsp;&nbsp; Premi\u00e8re Rhapsodie<\/p>\n\n\n\n<p><strong>c &#8211;<\/strong> Performance of following piece for Solo Clarinet:<br>&#8211; I. Stravinsky&nbsp; Tre Pezzi<\/p>\n\n\n\n<p><strong>Final phase:<\/strong><br><strong>a <\/strong>&#8211; Performance of following piece:<br>&#8211; W. A. Mozart&nbsp;&nbsp;&nbsp;&nbsp;&nbsp;&nbsp; Quintetto in La Maggiore KV 581 for Clarinet and String Quartet.<\/p>\n\n\n\n<p><strong><em>Bass Clarinet:\u00a0<\/em><\/strong>born after 1\/1\/1990<br><em>Programme: <\/em>Single Test<\/p>\n\n\n\n<p><strong>a <\/strong>&#8211; Performance of following piece:<br>\u2013 Semler-Collery     Legende et divertissement<br><br><strong>b<\/strong> &#8211; To perform a freely chosen piece<\/p>\n\n\n\n<p>The applicant will have to perform all programme lasting no longer than 20 minutes.<br>Admitted only original pieces. The programme will have to be stated in the application form.<\/p>\n\n\n\n<p><strong><em>Clarinet and Wind Band:<\/em><\/strong> born after 1\/1\/1990<br><em>Programme: <\/em>Selection &#8211; Final<\/p>\n\n\n\n<p><strong>Selection phase:<\/strong> play following piece<br>&#8211; G. Rossini\u00a0\u00a0\u00a0\u00a0\u00a0\u00a0\u00a0\u00a0\u00a0\u00a0\u00a0\u00a0\u00a0 Introduzione tema e variazioni: Riduzione per Clarinetto e Pianoforte<\/p>\n\n\n\n<p><strong>Final phase:<\/strong> play following piece<br>&#8211; G. Rossini\u00a0\u00a0\u00a0\u00a0\u00a0\u00a0\u00a0\u00a0\u00a0\u00a0\u00a0\u00a0\u00a0 Introduzione tema e variazioni per Clarinetto e Banda<\/p>\n\n\n\n<p><strong><em>Score instructions<\/em><\/strong>: For both selection phases, the arrangement by Maestro Michele Mangani, published by Eufonia, is required.<\/p>\n\n\n\n<p><strong>4.<\/strong> The candidates will have to bring the original pieces. The candidates of the categories \u201cJunior A\u201d, \u201cJunior B\u201d and Bass Clarinet will have to sent the scores of the freely chosen pieces to the secretary\u2019s office within the time for enrolment. All the pieces have to be played in the original form; facilitations or transcriptions are not allowed. The candidates of each category that have won the first prize cannot apply for the same category in the next year.<\/p>\n\n\n\n<p><strong>5.<\/strong> During the performance the candidate will be allowed to make use of the collaboration of a pianist. The pianist who will accompany the applicant may be a choice of the candidate or put at disposal by the organization. In the first case, the competitor who participates with personal pianist will access directly to the category test. &nbsp;In this second case the candidate will have to state it in the application form so that the organizers have the opportunity to work out a rehearsal schedule, and make out a money transfer together with the application fee. The rehearsal rooms with piano are for the exclusive use of the pianist who collaborate with the contest and nobody else can use them to rehearsal. The own pianist can rehearls alone for 15 minutes in a room which have to book at secretary.<\/p>\n\n\n\n<p><strong>6.<\/strong> The enrolment fees are:<br>\u20ac 50,00 for the category Clarinet Soloist &#8220;Junior A&#8221;<br>\u20ac 60,00 for the category Clarinet Soloist &#8220;Junior B&#8221;<br>\u20ac80,00 for the category Clarinet Soloist \u201cSenior\u201d<br>\u20ac70,00 for the Bass Clarinet<br>\u20ac80,00 for the category Clarinet and Wind Band<\/p>\n\n\n\n<p><strong>7.<\/strong> The fee for the pianist put at disposal by the organization is \u20ac 40,00 to be paid with the application fee (art. 5).<\/p>\n\n\n\n<p><strong>8. <\/strong>Fees will have to be paid by money transfer made out to Associazione Culturale Musicale \u201cNuova Banda di Carlino\u201d using current account 038000063273 ABI 08637 CAB 63990 CIN R IBAN IT07R0863763990038000063273 BIC CCRTIT2T99A at PrimaCassa Credito Cooperativo Friuli Venezia Giulia in Muzzana del Turgnano. The registration fees could\u00a0be refunded only for the situation\u00a0\u00a0 of art. 22. In order for the registration to be accepted, the transfer must be made <strong><u>no later than 30 September 2025<\/u><\/strong>, the deadline for registration, otherwise the registration will be considered void.<\/p>\n\n\n\n<p><strong>9. <\/strong>The application forms will have to:<br><strong>a- <\/strong>Be filled in using the form enclosed to the regulations, on a photocopy of it or using the form in the web site;<br><strong>b-<\/strong> Give all the information required in the form and add also:<br>   &#8211; photocopy of a valid identity card &#8211; photocopy of the money transfer;<br>  &#8211; copy of the freely chosen pieces (art. 4);<\/p>\n\n\n\n<p><strong>10.<\/strong> The application forms, <strong>filled in thoroughly and with the needed documentary <\/strong>evidence as written in the previous article, will have to be sent <strong>within the 30<sup>th<\/sup> September 2025 (the postmark will attest it)<\/strong>, by registered letter using the following address: <em>Associazione Culturale Musicale \u201cNuova Banda di Carlino\u201d P.O.Box 1266020, 33050 Carlino Udine Italia. <\/em>Within the same date the application forms can be sent to the following e- mail address: <a href=\"mailto:info@concorsoclarinettocarlino.org\">segreteria@concorsoclarinettocarlino.org<\/a><\/p>\n\n\n\n<p><strong>11.<\/strong> It\u2019s up to the committee board to accept or not applications sent after the above said date. The candidates can take part to more than one section, to a category superior to the one provided for the age, but not to a lower one.<\/p>\n\n\n\n<p><strong>12.<\/strong> At their arrival at Carlino all the candidates will have the chance to inform about the scheduled time for the audition, at the contest secretary\u2019s office in Carlino Via Marano 1 (Civic Centre).<\/p>\n\n\n\n<p><strong>13.<\/strong> The candidates will have to arrive at the rehearsal in due time and with a valid identity card. The latecomers will be left out from the contest and only the committee will decide whether to admit the candidate again and anyway only when the delay is due to serious and well-grounded reasons, but on condition that the performances of the category of the latecomer are not over. The rehearsals will be open to audience.<\/p>\n\n\n\n<p><strong>14.<\/strong> The calendar of the performances will be communicated by email and published on the web site from <strong>13<sup>rd<\/sup> October 202<\/strong>5. The candidates can ask information about that to the secretarial staff from that date.<\/p>\n\n\n\n<p><strong>15.<\/strong> All charges about travelling, board and lodging will have to be paid by the candidates. The secretarial staff will be at disposal to give the candidates all useful information about the hotels and restaurants which have an agreement with the contest.<\/p>\n\n\n\n<p><strong>16.<\/strong> The judging committee will be formed by international renowned professors.<br>The committee, whenever necessary, will have the possibility to stop the performance or to have it repeated. The candidate will be allowed to go on playing, exceeding maximum time, within reasonable limits, if not interrupted by the committee.<\/p>\n\n\n\n<p><strong>17.<\/strong> The members of the judging committee will give their evaluation to each candidate. For the category Clarinet Soloist \u201cSenior\u201d the committee will choose the candidates who will take part in the semifinal phase. Will take part to the final phase of \u201cSenior\u201d and \u201cJunior B\u201d category the three candidates of each category that will get the best score, in any case with an evaluation not lower than 85\/100. The score of each competitor will be given by the arithmetic average of the marks given by the single member of the committee after having taken off the highest and lowest marks. The results will be known by the applicants at the end of the performances of the whole category. If one member of the judging committee will be absent, whatever the reason may be, the Artistic Director will avail himself of the double vote.<\/p>\n\n\n\n<p><strong>18.<\/strong> The judging committee might also decide not to give the prizes, when, according to the members, whose judgement is not open to appeal, the artistic level is considered inadequate.<\/p>\n\n\n\n<p><strong>19. <\/strong> The prizes are the following: <br>Visit https:\/\/www.concorsoclarinettocarlino.org\/en\/index.php\/prizes\/ <\/p>\n\n\n\n<p><strong>20.<\/strong> <strong><em>Special Prizes:<\/em><\/strong><br>Visit https:\/\/www.concorsoclarinettocarlino.org\/en\/index.php\/prizes\/<\/p>\n\n\n\n<p><strong>21. <\/strong>The award ceremony and Gala Concert will take place on Sunday 26<sup>th<\/sup> October 2025 at 8.30pm. <strong>The winners will only be able to collect their prizes during this final evening. <\/strong>Competitors awarded prizes who will not be present at the award ceremony will lose the prize.<\/p>\n\n\n\n<p><strong>22.<\/strong> The organization might also cancel the contest for the categories with an insufficient number of competitors. In that case the entrance fees of the cancelled categories would be given back to the candidates.<\/p>\n\n\n\n<p><strong>23.<\/strong> Taking part in the contest implies the complete acceptance of these regulations and also of any change that the artistic direction and the organizing staff should introduce. All the rights for any possible phonic and audiovisual recordings are reserved to the festival organization and no remuneration can be asked for that. <strong>During the performances and the closing concert, phonic and audiovisual recordings are not allowed.<\/strong><br>You can request a copy of the video of your performance (at a cost of \u20ac15.00) from the secretariat <strong>by Sunday 26 October 2025 at 1.00 pm<\/strong>, specifying the category for which the video is being requested.<\/p>\n\n\n\n<p><strong>24.<\/strong> For any information the competitors can contact the secretarial office of the contest:<br>Telephone\/Fax +39 -(0)431 68587 on <strong><strong>Tuesday and Wednesdays<\/strong><\/strong> <strong>from 8.00pm to 10pm from 19<sup>th<\/sup> August 2025.<\/strong><br>E-mail: <a href=\"mailto:segreteria@concorsoclarinettocarlino.org\">segreteria@concorsoclarinettocarlino.org<\/a><br>Mobile: 334 348 8826 (Moira Moro from 5pm to 7pm).<\/p>\n\n\n\n<p><strong>25.<\/strong> During the contest at the Civic Centre in Via Marano 1, a service, provided by the firm of Ripa Music S.r.l. and fixing of instruments, will be at disposal to give assistance to reed instruments.<\/p>\n\n\n\n<p><strong>26.<\/strong> During the contest at the Civic Centre in Via Marano 1, will be prepared a clarinet exposition of Ripa Music S.r.l., Bamb\u00f9 Nova and L\u00e9g\u00e8re Reeds LTD.<\/p>\n\n\n\n<p><strong>27.<\/strong> The complete notice of the contest can be found at the following web addresses:<br><a href=\"http:\/\/www.concorsoclarinettocarlino.org\/\">www.concorsoclarinettocarlino.org<\/a>                <a href=\"http:\/\/www.anbimafvg.it\/\">www.anbimafvg.it<\/a><\/p>\n","protected":false},"excerpt":{"rendered":"<p>1.The contest is open to musicians of both sexes and of all nationalities. Its aims are improving the knowledge of clarinet, promoting&#8230;<\/p>\n","protected":false},"author":1,"featured_media":0,"parent":0,"menu_order":0,"comment_status":"closed","ping_status":"closed","template":"","meta":{"ngg_post_thumbnail":0},"yoast_head":"<!-- This site is optimized with the Yoast SEO plugin v15.9.2 - https:\/\/yoast.com\/wordpress\/plugins\/seo\/ -->\n<title>RULES - International Contest for Clarinet - Town of Carlino<\/title>\n<link rel=\"canonical\" href=\"https:\/\/www.concorsoclarinettocarlino.org\/en\/index.php\/rules\/\" \/>\n<meta property=\"og:locale\" content=\"en_US\" \/>\n<meta property=\"og:type\" content=\"article\" \/>\n<meta property=\"og:title\" content=\"RULES - International Contest for Clarinet - Town of Carlino\" \/>\n<meta property=\"og:description\" content=\"1.The contest is open to musicians of both sexes and of all nationalities. Its aims are improving the knowledge of clarinet, promoting...\" \/>\n<meta property=\"og:url\" content=\"https:\/\/www.concorsoclarinettocarlino.org\/en\/index.php\/rules\/\" \/>\n<meta property=\"og:site_name\" content=\"International Contest for Clarinet - Town of Carlino\" \/>\n<meta property=\"article:publisher\" content=\"https:\/\/www.facebook.com\/anbimafvg\/\" \/>\n<meta property=\"article:modified_time\" content=\"2025-07-09T22:20:30+00:00\" \/>\n<meta name=\"twitter:card\" content=\"summary\" \/>\n<meta name=\"twitter:label1\" content=\"Est. reading time\">\n\t<meta name=\"twitter:data1\" content=\"8 minutes\">\n<script type=\"application\/ld+json\" class=\"yoast-schema-graph\">{\"@context\":\"https:\/\/schema.org\",\"@graph\":[{\"@type\":\"WebSite\",\"@id\":\"https:\/\/www.concorsoclarinettocarlino.org\/en\/#website\",\"url\":\"https:\/\/www.concorsoclarinettocarlino.org\/en\/\",\"name\":\"International Contest for Clarinet - Town of Carlino\",\"description\":\"\",\"potentialAction\":[{\"@type\":\"SearchAction\",\"target\":\"https:\/\/www.concorsoclarinettocarlino.org\/en\/?s={search_term_string}\",\"query-input\":\"required name=search_term_string\"}],\"inLanguage\":\"en-US\"},{\"@type\":\"WebPage\",\"@id\":\"https:\/\/www.concorsoclarinettocarlino.org\/en\/index.php\/rules\/#webpage\",\"url\":\"https:\/\/www.concorsoclarinettocarlino.org\/en\/index.php\/rules\/\",\"name\":\"RULES - International Contest for Clarinet - Town of Carlino\",\"isPartOf\":{\"@id\":\"https:\/\/www.concorsoclarinettocarlino.org\/en\/#website\"},\"datePublished\":\"2021-02-22T08:44:37+00:00\",\"dateModified\":\"2025-07-09T22:20:30+00:00\",\"breadcrumb\":{\"@id\":\"https:\/\/www.concorsoclarinettocarlino.org\/en\/index.php\/rules\/#breadcrumb\"},\"inLanguage\":\"en-US\",\"potentialAction\":[{\"@type\":\"ReadAction\",\"target\":[\"https:\/\/www.concorsoclarinettocarlino.org\/en\/index.php\/rules\/\"]}]},{\"@type\":\"BreadcrumbList\",\"@id\":\"https:\/\/www.concorsoclarinettocarlino.org\/en\/index.php\/rules\/#breadcrumb\",\"itemListElement\":[{\"@type\":\"ListItem\",\"position\":1,\"item\":{\"@type\":\"WebPage\",\"@id\":\"https:\/\/www.concorsoclarinettocarlino.org\/en\/\",\"url\":\"https:\/\/www.concorsoclarinettocarlino.org\/en\/\",\"name\":\"Home\"}},{\"@type\":\"ListItem\",\"position\":2,\"item\":{\"@type\":\"WebPage\",\"@id\":\"https:\/\/www.concorsoclarinettocarlino.org\/en\/index.php\/rules\/\",\"url\":\"https:\/\/www.concorsoclarinettocarlino.org\/en\/index.php\/rules\/\",\"name\":\"RULES\"}}]}]}<\/script>\n<!-- \/ Yoast SEO plugin. -->","_links":{"self":[{"href":"https:\/\/www.concorsoclarinettocarlino.org\/en\/index.php\/wp-json\/wp\/v2\/pages\/298"}],"collection":[{"href":"https:\/\/www.concorsoclarinettocarlino.org\/en\/index.php\/wp-json\/wp\/v2\/pages"}],"about":[{"href":"https:\/\/www.concorsoclarinettocarlino.org\/en\/index.php\/wp-json\/wp\/v2\/types\/page"}],"author":[{"embeddable":true,"href":"https:\/\/www.concorsoclarinettocarlino.org\/en\/index.php\/wp-json\/wp\/v2\/users\/1"}],"replies":[{"embeddable":true,"href":"https:\/\/www.concorsoclarinettocarlino.org\/en\/index.php\/wp-json\/wp\/v2\/comments?post=298"}],"version-history":[{"count":28,"href":"https:\/\/www.concorsoclarinettocarlino.org\/en\/index.php\/wp-json\/wp\/v2\/pages\/298\/revisions"}],"predecessor-version":[{"id":900,"href":"https:\/\/www.concorsoclarinettocarlino.org\/en\/index.php\/wp-json\/wp\/v2\/pages\/298\/revisions\/900"}],"wp:attachment":[{"href":"https:\/\/www.concorsoclarinettocarlino.org\/en\/index.php\/wp-json\/wp\/v2\/media?parent=298"}],"curies":[{"name":"wp","href":"https:\/\/api.w.org\/{rel}","templated":true}]}}