{"id":298,"date":"2021-02-22T09:44:37","date_gmt":"2021-02-22T08:44:37","guid":{"rendered":"http:\/\/localhost\/leggendario\/anbima\/?page_id=298"},"modified":"2025-07-10T00:21:08","modified_gmt":"2025-07-09T22:21:08","slug":"bando","status":"publish","type":"page","link":"https:\/\/www.concorsoclarinettocarlino.org\/index.php\/bando\/","title":{"rendered":"Bando"},"content":{"rendered":"\n<p><strong>1<\/strong>. Il concorso \u00e8 aperto ai musicisti di ambo i sessi e di tutte le nazionalit\u00e0. I&nbsp;suoi obbiettivi sono quelli di contribuire alla divulgazione della conoscenza del clarinetto, promuovere la cultura musicale incoraggiando e valorizzando i giovani strumentisti e, nel contempo, valorizzare il patrimonio artistico e culturale dei luoghi che ospitano il concorso.<\/p>\n\n\n\n<p><strong>2<\/strong>.&nbsp;Il concorso si svolger\u00e0 a Carlino dal 23 Ottobre al 26 Ottobre 2025. Le audizioni avranno luogo presso l\u2019Auditorium della Parrocchia di SS. Tommaso e Protasio. Le prove con i pianisti collaboratori si potranno effettuare presso il centro civico del comune di Carlino in Via Marano 1.<\/p>\n\n\n\n<p><strong>3<\/strong>. Le categorie e le prove nelle quali si articola il concorso sono descritte di seguito:<\/p>\n\n\n\n<p><strong>CATEGORIA : &nbsp;&nbsp;&nbsp;&nbsp;&nbsp;&nbsp;&nbsp;&nbsp;&nbsp;&nbsp;&nbsp;&nbsp;&nbsp;&nbsp;&nbsp;&nbsp;&nbsp;&nbsp;&nbsp;&nbsp;&nbsp;<\/strong><\/p>\n\n\n\n<p><strong><em><strong><em>Clarinetto Solista \u201cJunior A&#8221;:<\/em><\/strong><\/em><\/strong>&nbsp;nati dopo l&#8217;1-1-2009;<br><em>Programma<\/em>: Prova Unica<br>Il concorrente dovr\u00e0 eseguire un programma a libera scelta della durata massima di 13 minuti. Sono ammessi solo brani originali.<br>Il programma dovr\u00e0 essere indicato nel modulo di adesione.<\/p>\n\n\n\n<p><strong><em><strong><em>Clarinetto Solista \u201cJunior B&#8221;:<\/em><\/strong><\/em><\/strong>&nbsp;nati dopo l&#8217;1-1-2005;<br><em>Programma<\/em>: Eliminatoria &#8211; Finale<\/p>\n\n\n\n<p>Fase Eliminatoria<\/p>\n\n\n\n<p>&nbsp;&nbsp; &#8211;&nbsp;C.M. von Weber&nbsp; Concertino op.26 per clarinetto e orchestra<\/p>\n\n\n\n<p>Fase Finale<\/p>\n\n\n\n<p>&nbsp;&nbsp; &#8211; Esecuzione di un programma a libera scelta della durata massima di 15 minuti. Sono ammessi solo brani originali. Il programma dovr\u00e0 essere indicato nel modulo di adesione<\/p>\n\n\n\n<p><strong><em><strong><em>Clarinetto Solista &#8220;Senior&#8221;:<\/em><\/strong><\/em><\/strong>&nbsp;nati dopo l&#8217;1-1-1995; <br><em>Programma<\/em>: Eliminatoria &#8211; Semifinale &#8211; Finale<\/p>\n\n\n\n<p><strong>Fase Eliminatoria<\/strong><br>&#8211;&nbsp;C.M. von Weber&nbsp; &nbsp; &nbsp;&nbsp; Concerto n\u00b0 1 op.73 in fa minore per clarinetto ed orchestra<br>&nbsp;&nbsp;&nbsp;&nbsp;&nbsp;&nbsp;&nbsp;&nbsp;&nbsp;&nbsp;&nbsp;&nbsp;&nbsp;&nbsp;&nbsp;&nbsp;&nbsp;&nbsp;&nbsp;&nbsp;&nbsp;&nbsp;&nbsp;&nbsp;&nbsp;&nbsp;&nbsp;&nbsp;&nbsp;&nbsp;&nbsp;&nbsp;&nbsp; (solo I tempo)<\/p>\n\n\n\n<p><strong>Fase<\/strong> <strong>Semifinale<\/strong><br><strong>a<\/strong>&nbsp;&#8211;&nbsp; Esecuzione di uno dei seguenti concerti:<br>&#8211;&nbsp;C.M. von Weber&nbsp; &nbsp; &nbsp;&nbsp; Concerto n\u00b0 2 op.74 in Mib Maggiore per clarinetto ed orchestra<br>&nbsp;&nbsp;&nbsp;&nbsp;&nbsp;&nbsp;&nbsp;&nbsp;&nbsp;&nbsp;&nbsp;&nbsp;&nbsp;&nbsp;&nbsp;&nbsp;&nbsp;&nbsp;&nbsp;&nbsp;&nbsp;&nbsp;&nbsp;&nbsp;&nbsp;&nbsp;&nbsp;&nbsp;&nbsp;&nbsp;&nbsp;&nbsp;&nbsp; (solo I tempo)&nbsp;<br>&#8211; L. Spohr&nbsp; &nbsp; &nbsp; &nbsp; &nbsp; &nbsp; &nbsp; &nbsp; &nbsp;&nbsp; Concerto n\u00b0 2 op.57 in Mib Maggiore per clarinetto ed orchestra<br>&nbsp;&nbsp;&nbsp;&nbsp;&nbsp;&nbsp;&nbsp;&nbsp;&nbsp;&nbsp;&nbsp;&nbsp;&nbsp;&nbsp;&nbsp;&nbsp;&nbsp;&nbsp;&nbsp;&nbsp;&nbsp;&nbsp;&nbsp;&nbsp;&nbsp;&nbsp;&nbsp;&nbsp;&nbsp;&nbsp;&nbsp;&nbsp;&nbsp; (solo I tempo)<br>&#8211; A. Copland &nbsp;&nbsp;&nbsp;&nbsp;&nbsp;&nbsp;&nbsp;&nbsp;&nbsp;&nbsp;&nbsp;&nbsp;&nbsp;&nbsp; Concerto per clarinetto e orchestra, fino alla cadenza ( n. 120)<br>&#8211; C. Nielsen &nbsp;&nbsp;&nbsp;&nbsp;&nbsp;&nbsp;&nbsp;&nbsp;&nbsp;&nbsp;&nbsp;&nbsp;&nbsp;&nbsp;&nbsp; Concerto op. 57 per clarinetto e orchestra, fino alla cadenza (n. 11 )<\/p>\n\n\n\n<p><strong>b&nbsp;<\/strong>\u2013 Esecuzione del seguente brano:<br>&#8211;&nbsp;&nbsp;C. Debussy Premi\u00e8re Rhapsodie<\/p>\n\n\n\n<p><strong>c &#8211;<\/strong> Esecuzione del seguente brano per Clarinetto Solo:<br>&#8211; I. Stravinsky&nbsp; Tre Pezzi<\/p>\n\n\n\n<p><strong>Fase Finale<\/strong><br><strong>a&nbsp;<\/strong>\u2013 Esecuzione del seguente brano:<br>&#8211; W. A. Mozart &nbsp;&nbsp;&nbsp;&nbsp;&nbsp;&nbsp;&nbsp;&nbsp;&nbsp;&nbsp;Quintetto in La Maggiore KV 581 per clarinetto e quartetto d\u2019archi.<\/p>\n\n\n\n<p><br><strong><em><strong><em>Clarinetto Basso:&nbsp;<\/em><\/strong><\/em><\/strong>&nbsp;nati dopo l&#8217;1-1-1990; <\/p>\n\n\n\n<p><em>Programma<\/em>: prova unica<\/p>\n\n\n\n<p><strong>a<\/strong> \u2013 Esecuzione del seguente brano:<br>&#8211; Semler-Collery        Legende et divertissement<br><br><strong>b<\/strong> &#8211; Esecuzione di un brano a scelta.<br><br>La durata massima della prova deve essere di 20 minuti.<br>Sono ammessi brani originali e trascrizioni con o senza pianoforte. Il programma dovr\u00e0 essere indicato nel modulo di adesione.<\/p>\n\n\n\n<p><strong><em><strong><em><strong><em>Clarinetto Solista e Banda:&nbsp;<\/em><\/strong><\/em><\/strong>&nbsp;<\/em><\/strong>nati dopo l&#8217;1-1-1990;<\/p>\n\n\n\n<p><em>Programma:<\/em> Eliminatoria &#8211; Finale<\/p>\n\n\n\n<p><strong>Fase Eliminatoria<\/strong> <em>con accompagnamento del Pianoforte<\/em><br>&#8211; G. Rossini&nbsp;&nbsp;&nbsp;&nbsp;&nbsp; Introduzione tema e variazioni: Riduzione per Clarinetto e Pianoforte<\/p>\n\n\n\n<p><strong>Fase Finale <\/strong><em>con accompagnamento della Banda<\/em><br>&#8211; G. Rossini&nbsp;&nbsp;&nbsp;&nbsp;&nbsp; Introduzione tema e variazioni per Clarinetto e Banda<\/p>\n\n\n\n<p><strong><em>Indicazioni della partitura<\/em><\/strong>: per entrambe le fasi di selezione si richiede l&#8217;esecuzione dell&#8217;arrangiamento del M\u00b0 Michele Mangani, edizioni Eufonia.<\/p>\n\n\n\n<p><strong>4<\/strong>. I concorrenti dovranno essere muniti dei brani in originale. Tutti i candidati delle categorie \u201dJunior A\u201d, \u201cJunior B\u201d dovranno inviare le partiture dei brani a libera scelta alla segreteria del concorso entro i termini di iscrizione.<br>I candidati vincitori del primo premio assoluto di ogni categoria non potranno ripresentarsi nella stessa categoria l\u2019anno successivo.<\/p>\n\n\n\n<p><strong>5<\/strong>. Durante l\u2019audizione il candidato potr\u00e0 avvalersi del pianista accompagnatore. Il pianista accompagnatore potr\u00e0&nbsp;essere personale, a cura del concorrente, oppure&nbsp;messo a disposizione dall\u2019organizzazione. Nel primo caso, <strong>il concorrente che partecipa con pianista personale acceder\u00e0 direttamente alla prova di categoria.<\/strong> Nel secondo caso il concorrente dovr\u00e0 farne menzione nel modulo di iscrizione per permettere l\u2019elaborazione di una scaletta di prove ed effettuare un versamento unitamente all\u2019iscrizione. Le sale con il pianoforte sono ad uso esclusivo dei pianisti collaboratori del concorso e pertanto nessun altro concorrente potr\u00e0 utilizzarle per effettuare prove.&nbsp;<strong>Il pianista personale, previo prenotazione sala presso la segreteria, pu\u00f2 esercitarsi da solo per un massimo di 15 minuti.<\/strong><\/p>\n\n\n\n<p><strong>6<\/strong>.\u00a0Le quote di iscrizione sono di:<br>\u20ac 50,00, per la categoria Clarinetto solista \u201cJunior A\u201d<br>\u20ac 60,00, per la categoria Clarinetto solista \u201cJunior B\u201d<br>\u20ac 80,00, per la categoria Clarinetto solista \u201cSenior\u201d\u00a0\u00a0\u00a0\u00a0\u00a0\u00a0\u00a0\u00a0\u00a0\u00a0\u00a0\u00a0\u00a0\u00a0\u00a0\u00a0\u00a0\u00a0\u00a0<br>\u20ac 70,00, per la categoria Clarinetto Basso<br>\u20ac 80,00, per la categoria Clarinetto solista e Banda<\/p>\n\n\n\n<p><strong>7<\/strong>.&nbsp;Il costo del pianista accompagnatore \u00e8 pari a \u20ac 40,00, da versare insieme alla quota d\u2019iscrizione (vedi articolo 6).<\/p>\n\n\n\n<p><strong>8<\/strong>.&nbsp;Le quote di partecipazione dovranno essere versate tramite bonifico bancario intestato a:<br>Associazione Culturale Musicale \u201cNuova Banda di Carlino\u201d<br>sul C\/C 038000063273 ABI 08637 CAB 63990 CIN R<br>IBAN IT07R0863763990038000063273 BIC CCRTIT2T99A<br>presso PrimaCassa Credito Cooperativo Friuli Venezia Giulia, sede di Muzzana del Turgnano.<br>Le quote d&#8217;iscrizione potranno essere rimborsate solo per quanto previsto dall\u2019art. 22.<\/p>\n\n\n\n<p>Per far s\u00ec che l\u2019iscrizione venga accettata, il bonifico dovr\u00e0 essere effettuato <strong><u>entro e non oltre il 30 settembre 20<\/u>2<\/strong>5, termine ultimo delle iscrizioni, altrimenti l\u2019iscrizione verr\u00e0 considerata nulla.<\/p>\n\n\n\n<p><strong>9<\/strong>.&nbsp;Le domande di iscrizione dovranno:<br><strong>a.&nbsp;<\/strong>Essere compilate sull&#8217;apposito modulo allegato al presente regolamento o su fotocopia di esso, oppure compilando l&#8217;apposito form presente nel sito web;<br><strong>b.<\/strong>&nbsp;Fornire tutti i dati richiesti sul modulo stesso ed essere corredate di:<br>&nbsp;&nbsp;&nbsp; &#8211; fotocopia di documento di identit\u00e0 in corso di validit\u00e0<br>&nbsp;&nbsp;&nbsp;&nbsp;&#8211; fotocopia del bonifico bancario<br>&nbsp;&nbsp;&nbsp; &#8211; copia brani a libera scelta (per le categorie di cui all&#8217;art.4)<\/p>\n\n\n\n<p><strong>10<\/strong>. Le domande d&#8217;iscrizione,&nbsp;<strong>complete e corredate della documentazione<\/strong>&nbsp;come specificato al precedente articolo, dovranno essere inviate&nbsp;<strong>entro e non oltre il 30 Settembre 2025 (se tramite posta in fede il timbro postale).<\/strong><\/p>\n\n\n\n<p><strong>&nbsp;&nbsp;&nbsp;&nbsp; &#8211; compilando apposito form presente sul sito<br><\/strong>&nbsp;&nbsp;&nbsp;&nbsp; &#8211; tramite mail all&#8217;indirizzo:&nbsp;<a href=\"javascript:linkTo_UnCryptMailto('nbjmup+tfhsfufsjbAdpodpstpdmbsjofuupdbsmjop\/psh');\">segreteria(at)concorsoclarinettocarlino.org<\/a><br>&nbsp;&nbsp;&nbsp;&nbsp; &#8211; con raccomandata postale a:<br><em>&nbsp;&nbsp;&nbsp;&nbsp;&nbsp;&nbsp; Associazione Culturale Musicale \u201cNuova Banda di Carlino\u201d<\/em><em>&nbsp; Via Marano 1<\/em>33050 Carlino (UD)<\/p>\n\n\n\n<p><strong>11<\/strong>. Le domande inoltrate oltre il termine potranno essere prese in considerazione a giudizio insindacabile della direzione del concorso. I candidati possono partecipare a pi\u00f9 sezioni, ad una categoria superiore a quella prevista per la propria et\u00e0, ma non ad una inferiore.<\/p>\n\n\n\n<p><strong>12<\/strong>. Tutti i candidati al loro arrivo a Carlino potranno informarsi sull&#8217;orario previsto della propria audizione, presso la Segreteria del Concorso in Via Marano, 1 (Centro civico).<\/p>\n\n\n\n<p><strong>13<\/strong>. I concorrenti dovranno presentarsi alle prove in tempo utile muniti di documento di identit\u00e0. I ritardatari saranno esclusi dal concorso e potranno essere riammessi, ad insindacabile giudizio della Commissione, solo se il ritardo \u00e8 giustificato da seri e documentati motivi, comunque a condizione che non si siano precedentemente concluse le prove relative alla sezione o categoria del concorrente ritardatario. Le audizioni saranno pubbliche.<\/p>\n\n\n\n<p><strong>14<\/strong>. Gli orari delle prove e delle audizioni verranno pubblicati sul sito del concorso a partire dal&nbsp;<strong><em>13 Ottobre 2025.<\/em><\/strong>&nbsp;I concorrenti potranno informarsi a riguardo presso la segreteria del concorso a partire da tale data.<\/p>\n\n\n\n<p><strong>15<\/strong>. Le spese di viaggio vitto ed alloggio sono a carico dei candidati. Sul sito del Concorso e presso la segreteria dello stesso&nbsp;saranno disponibili informazioni su alberghi e ristoranti convenzionati con la manifestazione. Durante il concorso \u00e8 garantito un servizio di trasporto per i concorrenti da e verso le sedi della manifestazione.<\/p>\n\n\n\n<p><strong>16<\/strong>. La Commissione giudicatrice sar\u00e0 formata da componenti di spicco del panorama internazionale.<br>La Commissione potr\u00e0 interrompere le esecuzioni o farle ripetere qualora lo riterr\u00e0&nbsp; opportuno.<br>Sar\u00e0&nbsp; consentito al concorrente, fatto salva la facolt\u00e0&nbsp; di interruzione da parte della Commissione, di proseguire l&#8217;esecuzione oltre i limiti massimi di tempo per le composizioni di carattere unitario in ragionevole eccesso.<\/p>\n\n\n\n<p><strong>17<\/strong>. I componenti della Commissione giudicatrice esprimeranno per ogni concorrente la loro valutazione.<br>Per la categoria Clarinetto solista &#8220;Senior&#8221;, fase semifinale, saranno ammessi i concorrenti ritenuti idonei. Per le categorie \u201cSenior\u201d e \u201cJunior B\u201d Accederanno alla finale i tre concorrenti che otterranno il miglior punteggio tra 85\/100 e 100\/100. Il punteggio di ogni concorrente sar\u00e0 costituito dalla media aritmetica dei voti espressi dai singoli componenti la Commissione dopo aver detratto il voto maggiore e quello minore. I risultati saranno resi noti ai partecipanti al termine delle audizioni dell&#8217;intera categoria. Qualora, per qualsiasi motivo, un componente della Commissione giudicatrice dovesse assentarsi o non presentarsi, il Direttore Artistico si avvarr\u00e0 del doppio voto.<\/p>\n\n\n\n<p><strong>18<\/strong>. La commissione giudicatrice potr\u00e0 a proprio insindacabile giudizio non procedere all&#8217;assegnazione dei premi qualora il livello artistico dei candidati risulti insufficiente; in ogni caso il giudizio della commissione \u00e8 inappellabile.<\/p>\n\n\n\n<p><strong>19<\/strong>. Sono previsti i seguenti premi:  <br>Per i premi visitare il seguente link: <a href=\"https:\/\/www.concorsoclarinettocarlino.org\/index.php\/premi\/\">https:\/\/www.concorsoclarinettocarlino.org\/index.php\/premi\/<\/a><\/p>\n\n\n\n<p><strong>20<\/strong>.&nbsp;<strong>Premi speciali<\/strong>:  <br>Per i premi speciali visitare il seguente link: <a href=\"https:\/\/www.concorsoclarinettocarlino.org\/index.php\/premi\/\">https:\/\/www.concorsoclarinettocarlino.org\/index.php\/premi\/<\/a><\/p>\n\n\n\n<p><br><strong>21<\/strong>.&nbsp; Il concerto di Gala e la cerimonia di premiazione si svolgeranno Domenica 26 Ottobre 2025 alle ore 20.30. <strong>I vincitori potranno ritirare i loro premi esclusivamente nel corso di tale serata finale<\/strong>. Il concorrenti assegnatari dei premi che non saranno presenti alla premiazione perderanno il premio.<\/p>\n\n\n\n<p><strong>22<\/strong>.&nbsp;L&#8217;organizzazione si riserva la possibilit\u00e0 di annullare il concorso per le categorie nelle quali risultasse un numero insufficiente di iscritti. In tal caso sarebbero rese le quote di iscrizione.<\/p>\n\n\n\n<p><strong>23<\/strong>.&nbsp;La partecipazione al concorso comporta l&#8217;accettazione totale e incondizionata del presente regolamento, nonch\u00e9 delle eventuali modifiche apportate dalla direzione artistica ed organizzativa. Tutti i diritti di eventuali registrazioni audiovisive, fotografiche e radiofoniche sono riservati all&#8217;organizzazione del Concorso e nessun compenso pu\u00f2 essere richiesto per le sopra citate registrazioni. <strong>Durante le audizioni ed il concerto di premiazione sono vietate le riprese e registrazioni sia audiovisive che fotografiche.<\/strong> Si potr\u00e0 richiedere una copia del video della propria esibizione (al costo di \u20ac15.00) presso la segreteria <strong>entro Domenica 26 Ottobre 2025 ore 13.00<\/strong>, specificando la categoria di cui si richiede il video.<\/p>\n\n\n\n<p><strong>24<\/strong>.&nbsp;Per qualsiasi informazione gli interessati possono rivolgersi alla segreteria del Concorso:<br>Telefono &#8211; Fax: +39 &#8211; (0)431 &#8211;&nbsp;68587<br><strong>a partire dal 19 Agosto 202<\/strong>5&nbsp;nei giorni di&nbsp;<strong>Marted\u00ec e Mercoled\u00ec dalle 20.30 alle 22.00.<\/strong><br>E-mail: &nbsp;<a href=\"javascript:linkTo_UnCryptMailto('nbjmup+tfhsfufsjbAdpodpstpdmbsjofuupdbsmjop\/psh');\">segreteria(at)concorsoclarinettocarlino.org<\/a><br>Cellulare 334 348 8826 (Dalle ore 17.00 alle ore 19.00)<\/p>\n\n\n\n<p><strong>25<\/strong>.&nbsp;Presso il Centro Civico di Via Marano 1, nei giorni del concorso funzioner\u00e0&nbsp; un centro di assistenza per strumenti ad ancia fornito da Ripa Music S.r.l.<\/p>\n\n\n\n<p><strong><strong>26<\/strong>.&nbsp;<\/strong>Durante il concorso, presso il Centro Civico di Via Marano 1, sar\u00e0 presente una mostra di clarinetti della ditta Ripa Music S.r.l. Inoltre, ci sar\u00e0 un\u2019esposizione di ance della ditta L\u00e9g\u00e8re Reeds LTD e di fascette della ditta Bamb\u00f9 Nova.<\/p>\n\n\n\n<p><strong>27<\/strong>. Bando integrale del concorso potr\u00e0&nbsp; essere consultato sui seguenti siti web:&nbsp;&nbsp;&nbsp;&nbsp;&nbsp;<a href=\"https:\/\/www.concorsoclarinettocarlino.org\/\">www.concorsoclarinettocarlino.org<\/a>&nbsp;&nbsp; &nbsp;<a href=\"http:\/\/www.anbimafvg.it\/\">www.anbimafvg.it<\/a><\/p>\n","protected":false},"excerpt":{"rendered":"<p>1. Il concorso \u00e8 aperto ai musicisti di ambo i sessi e di tutte le nazionalit\u00e0. I&nbsp;suoi obbiettivi sono quelli di contribuire&#8230;<\/p>\n","protected":false},"author":1,"featured_media":0,"parent":0,"menu_order":0,"comment_status":"closed","ping_status":"closed","template":"","meta":[],"yoast_head":"<!-- This site is optimized with the Yoast SEO plugin v15.9.2 - https:\/\/yoast.com\/wordpress\/plugins\/seo\/ -->\n<title>Bando - Concorso Internazionale per Clarinetto - Citt\u00e0 di Carlino<\/title>\n<link rel=\"canonical\" href=\"https:\/\/www.concorsoclarinettocarlino.org\/index.php\/bando\/\" \/>\n<meta property=\"og:locale\" content=\"it_IT\" \/>\n<meta property=\"og:type\" content=\"article\" \/>\n<meta property=\"og:title\" content=\"Bando - Concorso Internazionale per Clarinetto - Citt\u00e0 di Carlino\" \/>\n<meta property=\"og:description\" content=\"1. Il concorso \u00e8 aperto ai musicisti di ambo i sessi e di tutte le nazionalit\u00e0. I&nbsp;suoi obbiettivi sono quelli di contribuire...\" \/>\n<meta property=\"og:url\" content=\"https:\/\/www.concorsoclarinettocarlino.org\/index.php\/bando\/\" \/>\n<meta property=\"og:site_name\" content=\"Concorso Internazionale per Clarinetto - Citt\u00e0 di Carlino\" \/>\n<meta property=\"article:publisher\" content=\"https:\/\/www.facebook.com\/anbimafvg\/\" \/>\n<meta property=\"article:modified_time\" content=\"2025-07-09T22:21:08+00:00\" \/>\n<meta name=\"twitter:card\" content=\"summary\" \/>\n<meta name=\"twitter:label1\" content=\"Tempo di lettura stimato\">\n\t<meta name=\"twitter:data1\" content=\"8 minuti\">\n<script type=\"application\/ld+json\" class=\"yoast-schema-graph\">{\"@context\":\"https:\/\/schema.org\",\"@graph\":[{\"@type\":\"WebSite\",\"@id\":\"https:\/\/www.concorsoclarinettocarlino.org\/#website\",\"url\":\"https:\/\/www.concorsoclarinettocarlino.org\/\",\"name\":\"Concorso Internazionale per Clarinetto - Citt\\u00e0 di Carlino\",\"description\":\"\",\"potentialAction\":[{\"@type\":\"SearchAction\",\"target\":\"https:\/\/www.concorsoclarinettocarlino.org\/?s={search_term_string}\",\"query-input\":\"required name=search_term_string\"}],\"inLanguage\":\"it-IT\"},{\"@type\":\"WebPage\",\"@id\":\"https:\/\/www.concorsoclarinettocarlino.org\/index.php\/bando\/#webpage\",\"url\":\"https:\/\/www.concorsoclarinettocarlino.org\/index.php\/bando\/\",\"name\":\"Bando - Concorso Internazionale per Clarinetto - Citt\\u00e0 di Carlino\",\"isPartOf\":{\"@id\":\"https:\/\/www.concorsoclarinettocarlino.org\/#website\"},\"datePublished\":\"2021-02-22T08:44:37+00:00\",\"dateModified\":\"2025-07-09T22:21:08+00:00\",\"breadcrumb\":{\"@id\":\"https:\/\/www.concorsoclarinettocarlino.org\/index.php\/bando\/#breadcrumb\"},\"inLanguage\":\"it-IT\",\"potentialAction\":[{\"@type\":\"ReadAction\",\"target\":[\"https:\/\/www.concorsoclarinettocarlino.org\/index.php\/bando\/\"]}]},{\"@type\":\"BreadcrumbList\",\"@id\":\"https:\/\/www.concorsoclarinettocarlino.org\/index.php\/bando\/#breadcrumb\",\"itemListElement\":[{\"@type\":\"ListItem\",\"position\":1,\"item\":{\"@type\":\"WebPage\",\"@id\":\"https:\/\/www.concorsoclarinettocarlino.org\/\",\"url\":\"https:\/\/www.concorsoclarinettocarlino.org\/\",\"name\":\"Home\"}},{\"@type\":\"ListItem\",\"position\":2,\"item\":{\"@type\":\"WebPage\",\"@id\":\"https:\/\/www.concorsoclarinettocarlino.org\/index.php\/bando\/\",\"url\":\"https:\/\/www.concorsoclarinettocarlino.org\/index.php\/bando\/\",\"name\":\"Bando\"}}]}]}<\/script>\n<!-- \/ Yoast SEO plugin. -->","_links":{"self":[{"href":"https:\/\/www.concorsoclarinettocarlino.org\/index.php\/wp-json\/wp\/v2\/pages\/298"}],"collection":[{"href":"https:\/\/www.concorsoclarinettocarlino.org\/index.php\/wp-json\/wp\/v2\/pages"}],"about":[{"href":"https:\/\/www.concorsoclarinettocarlino.org\/index.php\/wp-json\/wp\/v2\/types\/page"}],"author":[{"embeddable":true,"href":"https:\/\/www.concorsoclarinettocarlino.org\/index.php\/wp-json\/wp\/v2\/users\/1"}],"replies":[{"embeddable":true,"href":"https:\/\/www.concorsoclarinettocarlino.org\/index.php\/wp-json\/wp\/v2\/comments?post=298"}],"version-history":[{"count":33,"href":"https:\/\/www.concorsoclarinettocarlino.org\/index.php\/wp-json\/wp\/v2\/pages\/298\/revisions"}],"predecessor-version":[{"id":1768,"href":"https:\/\/www.concorsoclarinettocarlino.org\/index.php\/wp-json\/wp\/v2\/pages\/298\/revisions\/1768"}],"wp:attachment":[{"href":"https:\/\/www.concorsoclarinettocarlino.org\/index.php\/wp-json\/wp\/v2\/media?parent=298"}],"curies":[{"name":"wp","href":"https:\/\/api.w.org\/{rel}","templated":true}]}}